{"id":188,"date":"2018-04-18T10:57:46","date_gmt":"2018-04-18T13:57:46","guid":{"rendered":"http:\/\/www.institutoprueger.com.ar\/e-learning\/?page_id=188"},"modified":"2018-04-18T10:57:46","modified_gmt":"2018-04-18T13:57:46","slug":"biblioteca-de-alumnos","status":"publish","type":"page","link":"https:\/\/institutoprueger.net.ar\/e-learning\/biblioteca-de-alumnos\/","title":{"rendered":"Biblioteca de Alumnos"},"content":{"rendered":"<h3>Acceso exclusivo a biblioteca de contenido de las especialidades.<\/h3>\n<p style=\"text-align: left;\">S\u00f3lo alumnos registrado, (necesita contrase\u00f1a).<\/p>\n<hr \/>\n<p>Nuestro m\u00e9todo -online- intenta acompa\u00f1ar, instruir y entrenar a una persona o a un grupo de ellas, con el objetivo de conseguir <strong>cumplir metas o desarrollar habilidades espec\u00edficas<\/strong> relacionadas con Investigaci\u00f3n y An\u00e1lisis de Homicidios,\u00a0 Acidentolog\u00eda Vial y \u00c1reas de conflicto y Prevenci\u00f3n.<\/p>\n<p>En esta \u00e1rea se encuentra el material digital de todas las especialidades, necesitar\u00e1 la clave de acceso entregada por el instructor de la especialidad.<\/p>\n<ul>\n<li>\n<h3>Biblioteca de Investigaci\u00f3n y An\u00e1lisis de Homicidios (<a href=\"http:\/\/www.institutoprueger.com.ar\/e-learning\/biblioteca-de-alumnos\/aih-investigacion-y-analisis-de-homicidios-biblioteca-virtual\/\">acceder<\/a>).<\/h3>\n<\/li>\n<li>\n<h3>Biblioteca de Accidentolog\u00eda Vial (acceder).<\/h3>\n<\/li>\n<li>\n<h3>Biblioteca de \u00c1reas de conflicto y Prevenci\u00f3n (acceder).<\/h3>\n<\/li>\n<\/ul>\n<p>Copyright \u00a9\u00a0 &#8211; Todos los derechos reservados.<\/p>\n","protected":false},"excerpt":{"rendered":"<p>Acceso exclusivo a biblioteca de contenido de las especialidades. S\u00f3lo alumnos registrado, (necesita contrase\u00f1a). Nuestro m\u00e9todo -online- intenta acompa\u00f1ar, instruir y entrenar a una persona o a un grupo de ellas, con el objetivo de conseguir cumplir metas o desarrollar<\/p>\n","protected":false},"author":1,"featured_media":0,"parent":0,"menu_order":0,"comment_status":"closed","ping_status":"closed","template":"","meta":{"footnotes":""},"class_list":["post-188","page","type-page","status-publish","hentry"],"_links":{"self":[{"href":"https:\/\/institutoprueger.net.ar\/e-learning\/wp-json\/wp\/v2\/pages\/188","targetHints":{"allow":["GET"]}}],"collection":[{"href":"https:\/\/institutoprueger.net.ar\/e-learning\/wp-json\/wp\/v2\/pages"}],"about":[{"href":"https:\/\/institutoprueger.net.ar\/e-learning\/wp-json\/wp\/v2\/types\/page"}],"author":[{"embeddable":true,"href":"https:\/\/institutoprueger.net.ar\/e-learning\/wp-json\/wp\/v2\/users\/1"}],"replies":[{"embeddable":true,"href":"https:\/\/institutoprueger.net.ar\/e-learning\/wp-json\/wp\/v2\/comments?post=188"}],"version-history":[{"count":0,"href":"https:\/\/institutoprueger.net.ar\/e-learning\/wp-json\/wp\/v2\/pages\/188\/revisions"}],"wp:attachment":[{"href":"https:\/\/institutoprueger.net.ar\/e-learning\/wp-json\/wp\/v2\/media?parent=188"}],"curies":[{"name":"wp","href":"https:\/\/api.w.org\/{rel}","templated":true}]}}