{"id":227,"date":"2018-06-06T09:57:15","date_gmt":"2018-06-06T12:57:15","guid":{"rendered":"http:\/\/www.institutoprueger.com.ar\/e-learning\/?page_id=227"},"modified":"2018-06-06T09:57:15","modified_gmt":"2018-06-06T12:57:15","slug":"calendario-de-eventos","status":"publish","type":"page","link":"https:\/\/institutoprueger.net.ar\/e-learning\/calendario-de-eventos\/","title":{"rendered":"Calendario de Clases Online"},"content":{"rendered":"<p>El sistema de capacitaci\u00f3n online est\u00e1 dise\u00f1ado para tomar la carrera completa o los m\u00f3dulos por separado; cada clase online tiene duraci\u00f3n de 2 horas con intervalo y se puede acceder desde cualquier dispositivo, computadora o smart tv:<\/p>\n<ul>\n<li>Desde cualquier explorador: <a href=\"https:\/\/www.gotomeeting.com\/es-ar\">https:\/\/www.gotomeeting.com\/es-ar<\/a><\/li>\n<li>Android: <a href=\"https:\/\/play.google.com\/store\/apps\/details?id=com.gotomeeting&amp;hl=es_419\">https:\/\/play.google.com\/store\/apps\/details?id=com.gotomeeting&amp;hl=es_419<\/a><\/li>\n<li>iPhone: <a href=\"https:\/\/itunes.apple.com\/us\/app\/gotomeeting\/id1239774423?mt=8\">https:\/\/itunes.apple.com\/us\/app\/gotomeeting\/id1239774423?mt=8<\/a><\/li>\n<li>Windows Mobile: <a href=\"https:\/\/www.microsoft.com\/es-ar\/p\/gotomeeting\/9wzdncrfj23g\">https:\/\/www.microsoft.com\/es-ar\/p\/gotomeeting\/9wzdncrfj23g<\/a><\/li>\n<\/ul>\n<p>El c\u00f3digo de la clase ser\u00e1 enviado por email o mensaje, puede ver el calendario de las clases en nuestra \u00e1rea de eventos en Facebook: <a href=\"https:\/\/es-la.facebook.com\/instituto.prueger\/events\/?ref=page_internal\">Calendario de clases online aqu\u00ed<\/a><\/p>\n","protected":false},"excerpt":{"rendered":"<p>El sistema de capacitaci\u00f3n online est\u00e1 dise\u00f1ado para tomar la carrera completa o los m\u00f3dulos por separado; cada clase online tiene duraci\u00f3n de 2 horas con intervalo y se puede acceder desde cualquier dispositivo, computadora o smart tv: Desde cualquier<\/p>\n","protected":false},"author":1,"featured_media":0,"parent":0,"menu_order":0,"comment_status":"closed","ping_status":"closed","template":"","meta":{"footnotes":""},"class_list":["post-227","page","type-page","status-publish","hentry"],"_links":{"self":[{"href":"https:\/\/institutoprueger.net.ar\/e-learning\/wp-json\/wp\/v2\/pages\/227","targetHints":{"allow":["GET"]}}],"collection":[{"href":"https:\/\/institutoprueger.net.ar\/e-learning\/wp-json\/wp\/v2\/pages"}],"about":[{"href":"https:\/\/institutoprueger.net.ar\/e-learning\/wp-json\/wp\/v2\/types\/page"}],"author":[{"embeddable":true,"href":"https:\/\/institutoprueger.net.ar\/e-learning\/wp-json\/wp\/v2\/users\/1"}],"replies":[{"embeddable":true,"href":"https:\/\/institutoprueger.net.ar\/e-learning\/wp-json\/wp\/v2\/comments?post=227"}],"version-history":[{"count":0,"href":"https:\/\/institutoprueger.net.ar\/e-learning\/wp-json\/wp\/v2\/pages\/227\/revisions"}],"wp:attachment":[{"href":"https:\/\/institutoprueger.net.ar\/e-learning\/wp-json\/wp\/v2\/media?parent=227"}],"curies":[{"name":"wp","href":"https:\/\/api.w.org\/{rel}","templated":true}]}}