{"id":31,"date":"2017-12-06T16:22:16","date_gmt":"2017-12-06T19:22:16","guid":{"rendered":"http:\/\/www.institutoprueger.com.ar\/e-learning\/?page_id=31"},"modified":"2017-12-06T16:22:16","modified_gmt":"2017-12-06T19:22:16","slug":"capacitacion-online","status":"publish","type":"page","link":"https:\/\/institutoprueger.net.ar\/e-learning\/capacitacion-online\/","title":{"rendered":"Capacitaci\u00f3n online"},"content":{"rendered":"<p>Nuestro m\u00e9todo -online- intenta acompa\u00f1ar, instruir y entrenar a una persona o a un grupo de ellas, con el objetivo de conseguir <strong>cumplir metas o desarrollar habilidades espec\u00edficas<\/strong> relacionadas con Investigaci\u00f3n y An\u00e1lisis de Homicidios,\u00a0 Acidentolog\u00eda Vial y \u00c1reas de conflicto y Prevenci\u00f3n.<\/p>\n<p>Nuestra oferta actual de capactaciones:<\/p>\n<ul>\n<li>\n<h2>Investigaci\u00f3n y An\u00e1lisis de Homicidios (<a href=\"http:\/\/www.institutoprueger.com.ar\/e-learning\/capacitacion-online\/analisis-e-investigacion-de-homicidios\/\">ver m\u00e1s<\/a>).<\/h2>\n<\/li>\n<li>\n<h2>Accidentolog\u00eda Vial (<a href=\"http:\/\/www.institutoprueger.com.ar\/e-learning\/capacitacion-online\/especialidad-accidentologia-vial\/\">ver m\u00e1s<\/a>).<\/h2>\n<\/li>\n<li>\n<h2>\u00c1reas de conflicto y Prevenci\u00f3n (<a href=\"http:\/\/www.institutoprueger.com.ar\/e-learning\/capacitacion-online\/areas-de-conflicto-y-prevencion\/\">ver m\u00e1s<\/a>).<\/h2>\n<\/li>\n<\/ul>\n<p><img loading=\"lazy\" decoding=\"async\" class=\"aligncenter wp-image-155 size-large\" src=\"http:\/\/www.institutoprueger.com.ar\/e-learning\/wp-content\/uploads\/2018\/02\/11021509_404230073091175_5094517924240614804_o-1024x768.jpg\" alt=\"\" width=\"750\" height=\"563\" \/><\/p>\n","protected":false},"excerpt":{"rendered":"<p>Nuestro m\u00e9todo -online- intenta acompa\u00f1ar, instruir y entrenar a una persona o a un grupo de ellas, con el objetivo de conseguir cumplir metas o desarrollar habilidades espec\u00edficas relacionadas con Investigaci\u00f3n y An\u00e1lisis de Homicidios,\u00a0 Acidentolog\u00eda Vial y \u00c1reas de<\/p>\n","protected":false},"author":1,"featured_media":0,"parent":0,"menu_order":0,"comment_status":"closed","ping_status":"closed","template":"","meta":{"footnotes":""},"class_list":["post-31","page","type-page","status-publish","hentry"],"_links":{"self":[{"href":"https:\/\/institutoprueger.net.ar\/e-learning\/wp-json\/wp\/v2\/pages\/31","targetHints":{"allow":["GET"]}}],"collection":[{"href":"https:\/\/institutoprueger.net.ar\/e-learning\/wp-json\/wp\/v2\/pages"}],"about":[{"href":"https:\/\/institutoprueger.net.ar\/e-learning\/wp-json\/wp\/v2\/types\/page"}],"author":[{"embeddable":true,"href":"https:\/\/institutoprueger.net.ar\/e-learning\/wp-json\/wp\/v2\/users\/1"}],"replies":[{"embeddable":true,"href":"https:\/\/institutoprueger.net.ar\/e-learning\/wp-json\/wp\/v2\/comments?post=31"}],"version-history":[{"count":0,"href":"https:\/\/institutoprueger.net.ar\/e-learning\/wp-json\/wp\/v2\/pages\/31\/revisions"}],"wp:attachment":[{"href":"https:\/\/institutoprueger.net.ar\/e-learning\/wp-json\/wp\/v2\/media?parent=31"}],"curies":[{"name":"wp","href":"https:\/\/api.w.org\/{rel}","templated":true}]}}