{"id":78,"date":"2017-12-18T16:35:35","date_gmt":"2017-12-18T19:35:35","guid":{"rendered":"http:\/\/www.institutoprueger.com.ar\/e-learning\/?page_id=78"},"modified":"2017-12-18T16:35:35","modified_gmt":"2017-12-18T19:35:35","slug":"inscripcion-a-especialidad","status":"publish","type":"page","link":"https:\/\/institutoprueger.net.ar\/e-learning\/inscripciones-2018\/inscripcion-a-especialidad\/","title":{"rendered":"Inscripci\u00f3n a Especialidad"},"content":{"rendered":"<p>Por favor Ingrese los datos de registraci\u00f3n para la pre-aprobaci\u00f3n de la especialidad (no comunicaremos a la brevedad, muchas gracias!)<\/p>\n\t\n\t\n\t\t\t\t\t\t<form  name= \"wpdevart_frontend_form_1\" id='wpdevart-forms-1' class=\"wpdevart-forms default-skin forms-general-styling\" method='post'  action='' enctype='multipart\/form-data'>\n\t\n\t\t\t\t\t\t                                            <!--bfh-number -->\n                                            <div class=\"wpdevart-input-field \">\n                                                 \n                                                        <label>Nombre<\/label>\n                                                        \n                                                <div class=\"input-text input-field-inner\">\n                                                    \n                                                    <input  type=\"text\"  \n                                                            id =\"input-field-1\"\n                                                            name=\"label_1\"   required                                                            value=\"\" class=\"form-control  \" \n                                                            placeholder=\"\" \n                                                             \n                                                           \/>\n                                                <\/div>\n                                            <\/div>\n\t\t\t\t\t\t\t\t\t\t                                            <!--bfh-number -->\n                                            <div class=\"wpdevart-input-field \">\n                                                 \n                                                        <label>Apellido<\/label>\n                                                        \n                                                <div class=\"input-text input-field-inner\">\n                                                    \n                                                    <input  type=\"text\"  \n                                                            id =\"input-field-2\"\n                                                            name=\"label_2\"   required                                                            value=\"\" class=\"form-control  \" \n                                                            placeholder=\"\" \n                                                             \n                                                           \/>\n                                                <\/div>\n                                            <\/div>\n\t\t\t\t\t\t\t\t\t\t                                            <!--bfh-number -->\n                                            <div class=\"wpdevart-input-field \">\n                                                 \n                                                        <label>Email<\/label>\n                                                        \n                                                <div class=\"input-email input-field-inner\">\n                                                    \n                                                    <input  type=\"email\"  \n                                                            id =\"input-field-6\"\n                                                            name=\"label_6\"   required                                                            value=\"\" class=\"form-control  \" \n                                                            placeholder=\"\" \n                                                             \n                                                           \/>\n                                                <\/div>\n                                            <\/div>\n\t\t\t\t\t\t\t\t\t\t                                            <!--bfh-number -->\n                                            <div class=\"wpdevart-input-field \">\n                                                 \n                                                        <label>Tel\u00e9fono<\/label>\n                                                        \n                                                <div class=\"input-tel input-field-inner\">\n                                                    \n                                                    <input  type=\"text\"  \n                                                            id =\"input-field-7\"\n                                                            name=\"label_7\"   required                                                            value=\"\" class=\"form-control phonenumber \" \n                                                            placeholder=\"\" \n                                                             \n                                                           \/>\n                                                <\/div>\n                                            <\/div>\n\t\t\t\t\t\t\t\t\t\t\t\t\t\t\t\t\t\t\t<div class=\"wpdevart-sub-fields\">\n\t\n\t\t\t\t\t\t\t\t\t \n\t\t\t\t\t\t\t\t\t\t\t<label>Especialidad<\/label>\n\t\t\t\t\t\t\t\t\t\t\n\t\t\t\t\t\t\t\t\t<div class=\"wpdevart-sub-fields-inner\">\n\t\t\t\t\t\t\t\t\t\t\t\t\t\t\t\t\t\t\t\t<span class=\"checkboxradios\">\n\t\t\t\t\t\t\t\t\t\t\t\t<input type=\"checkbox\"   name=\"sublabel_8[]\" id=\"sublabel_8_1\" value=\"Especializaci\u00f3n en Investigaci\u00f3n de Homicidios\" checked \/>\n                                                <label for=\"sublabel_8_1\"><span><\/span> Especializaci\u00f3n en Investigaci\u00f3n de Homicidios<\/label>\n\t\t\t\t\t\t\t\t\t\t\t<\/span>\n\t\t\t\t\t\t\t\t\t\t\t\t\t\t\t\t\t\t\t\t\t\t<span class=\"checkboxradios\">\n\t\t\t\t\t\t\t\t\t\t\t\t<input type=\"checkbox\"   name=\"sublabel_8[]\" id=\"sublabel_8_2\" value=\"Especializaci\u00f3n en Accidentolog\u00eda Vial\"  \/>\n                                                <label for=\"sublabel_8_2\"><span><\/span> Especializaci\u00f3n en Accidentolog\u00eda Vial<\/label>\n\t\t\t\t\t\t\t\t\t\t\t<\/span>\n\t\t\t\t\t\t\t\t\t\t\t\t\t\t\t\t\t\t\t\t\t\t<span class=\"checkboxradios\">\n\t\t\t\t\t\t\t\t\t\t\t\t<input type=\"checkbox\"   name=\"sublabel_8[]\" id=\"sublabel_8_3\" value=\"Especializaci\u00f3n en Inform\u00e1tica Forense y Respuesta ante Incidentes\"  \/>\n                                                <label for=\"sublabel_8_3\"><span><\/span> Especializaci\u00f3n en Inform\u00e1tica Forense y Respuesta ante Incidentes<\/label>\n\t\t\t\t\t\t\t\t\t\t\t<\/span>\n\t\t\t\t\t\t\t\t\t\t\t\t\t\t\t\t\t\t\t\t\t\t<span class=\"checkboxradios\">\n\t\t\t\t\t\t\t\t\t\t\t\t<input type=\"checkbox\"   name=\"sublabel_8[]\" id=\"sublabel_8_4\" value=\"Especializaci\u00f3n en Cibercrimen\"  \/>\n                                                <label for=\"sublabel_8_4\"><span><\/span> Especializaci\u00f3n en Cibercrimen<\/label>\n\t\t\t\t\t\t\t\t\t\t\t<\/span>\n\t\t\t\t\t\t\t\t\t\t\t\t\t\t\t\t\t\t\t\t<\/div><\/div>\n\t\t\t\t\t\t\t\t\t\t\t\t\t\t\t\n\t\t\t\t\t\t\t\t\t\t\t  <div class=\"wpdevart-input-field field-captcha\" style=\"margin-bottom:20px;\">\n\t\t\t\t\t\t\t\t\t\t\t\t<label>7  + 9 = ? <\/label>\n\t\t\t\t\t\t\t\t\t\t\t\t<div class=\"input-text input-field-inner\">\n\t\t\t\t\t\t\t\t\t\t\t\t\t<input type=\"text\"  name=\"submitedRecaptchaValue[]\" placeholder=\"\" required \/>\n\t\t\t\t\t\t\t\t\t\t\t\t\t<input type=\"hidden\" name=\"recaptchaSumValue[]\" value=\"16\" \/>\n                                                    <input type=\"hidden\" name=\"isCaptchaRequired[]\" value=\"1\" \/>\n\t\t\t\t\t\t\t\t\t\t\t\t<\/div>\n\t\t\t\t\t\t\t\t\t\t\t  <\/div>\n\t\t\t\t\t\t\t\t\t\t\t  \t\n   \n                   \n\t\t\t\t\t   \t\t\t\t\t\t<input type=\"hidden\" name=\"form_id\" value=\"1\" \/>  \n\t\t\t\t\t\t<!--<input type=\"submit\" value='Enviar' id=\"btn_send_form_email_1\" name=\"btn_send_form_email\" \/>-->\n\t\t\t\t\t\t<button type=\"submit\" name=\"btn_send_form_email\" id=\"btn_send_form_email_1\" >Enviar<\/button>\n\t\t\t\t\t\t\t\n\t\t\t\t\t  <span id=\"loader-icon-1\" style=\"display:none;\" class=\"form-loader\">\n\t\t\t\t\t\t<img decoding=\"async\" src=\"https:\/\/institutoprueger.net.ar\/e-learning\/wp-content\/plugins\/contact-forms-builder\/\/assets\/images\/loader.gif\" \/>\n\t\t\t\t\t  <\/span>\n\t\n\t\t\t\t   <\/form>\n\t\n\t\t\t\t\t\t<div id=\"frontend_form_messages_1\" style=\"margin-top:10px; margin-bottom:10px;\"><\/div>\n\t\n\t\t\t\t   <script>\n\t\n\t\t\t\t\t\/\/ Document\n\t\t\t\t\tjQuery( document ).ready(function() {\n\t\t\t\t\t\t\/\/\tDon't submit form on enter, allow enter button only for texts\n\t\t\t\t\t\tjQuery(document).on(\"keypress\", \":input:not(textarea)\", function(event) {\n\t\t\t\t\t\t\treturn event.keyCode != 13;\n\t\t\t\t\t\t});\n\t\n\t\t\t\t\t\t\/\/ Do not use previous password saved in browser for password field\n\t\t\t\t\t\tjQuery(\"input[type='password']\").attr(\"autocomplete\", \"new-password\");\n\t\n\t\t\t\t\t\t\/\/handle form submission\n\t\t\t\t\t\t\/\/jQuery(\"form[name='wpdevart_frontend_form_1']\").submit(function(e){\n\t\t\t\t\t\tjQuery(document).on(\"submit\", \"form[name='wpdevart_frontend_form_1']\", function(e) {\n\t\t\t\t\t\t\t\/\/shortcode attributes e.g\n\t\t\t\t\t\t\tvar atts = {\"id\":\"1\"};\n\t\t\t\t\t\t\tvar options = { \n\t\t\t\t\t\t\t\t\/\/target:'#frontend_form_messages_1',   \/\/ target element(s) to be updated with server response \n\t\t\t\t\t\t\t\t\/\/ other available options: \n\t\t\t\t\t\t\t\t url:\"https:\/\/institutoprueger.net.ar\/e-learning\/wp-admin\/admin-ajax.php\",        \/\/ override for form's 'action' attribute \n\t\t\t\t\t\t\t\t\/\/url:\"https:\/\/institutoprueger.net.ar\/e-learning\/wp-content\/plugins\/contact-forms-builder\/check-ajax.php\",\n\t\t\t\t\t\t\t\tdata:{'btn_send_form_email':'1','process_ajax':'1','atts':JSON.stringify(atts),'action':'get_post_information'},\n\t\t\t\t\t\t\t\t\/\/type:      type        \/\/ 'get' or 'post', override for form's 'method' attribute \n\t\t\t\t\t\t\t\t\/\/dataType:  null        \/\/ 'xml', 'script', or 'json' (expected server response type) \n\t\t\t\t\t\t\t\t\/\/clearForm: true ,       \/\/ clear all form fields after successful submit \n\t\t\t\t\t\t\t\t\/\/resetForm: true  ,      \/\/ reset the form after successful submit \n\t\n\t\t\t\t\t\t\t\t\/\/ $.ajax options can be used here too, for example: \n\t\t\t\t\t\t\t\t\/\/timeout:   3000 \n\t\n\t\t\t\t\t\t\t\tbeforeSubmit: function() {\n\t\t\t\t\t\t\t\t\tjQuery(\"#loader-icon-1\").show();\n\t\t\t\t\t\t\t\t},\n\t\t\t\t\t\t\t\tsuccess:showResponse, \/\/ post-submit callback \n\t\t\t\t\t\t\t }; \n\t\n\t\t\t\t\t\t\t\/\/ inside event callbacks 'this' is the DOM element so we first \n\t\t\t\t\t\t\t\/\/ wrap it in a jQuery object and then invoke ajaxSubmit \n\t\t\t\t\t\t\tjQuery(this).ajaxSubmit(options); \n\t\n\t\t\t\t\t\t\t\/\/ !!! Important !!! \n\t\t\t\t\t\t\t\/\/ always return false to prevent standard browser submit and page navigation \n\t\t\t\t\t\t\treturn false; \n\t\t\t\t\t\t}); \n\t\n\t\n\t\t\t\t\t\tfunction showResponse(responseText, statusText, xhr, $form) {\n\t\t\t\t\t\t\tstr = responseText;\n\t\t\t\t\t\t\t\/\/replace first occurence \n\t\t\t\t\t\t\tstr = str.replace(\"successmsg_\", \" \"); \n\t\t\t\t\t\t\t\/\/ append response\n\t\n\t\t\t\t\t\t\tjQuery(\"#frontend_form_messages_1\").text(\" \");\n\t\t\t\t\t\t\tjQuery(\"#frontend_form_messages_1\").append(str);\n\t\t\t\t\t\t\tsetTimeout(function(){ \n\t\t\t\t\t\t\t\t\/\/jQuery(\"#frontend_form_messages_1 .success_message1\").fadeout(); \n\t\t\t\t\t\t\t\tjQuery(\"#frontend_form_messages_1 .success_message\").fadeOut();\n\t\t\t\t\t\t\t}, 5000);\n\t\n\t\t\t\t\t\t\t\/\/\tresponseText  , updates the div in target specified in options\n\t\t\t\t\t\t\tjQuery(\"#loader-icon-1\").hide();\n\t\n\t\t\t\t\t\t\tvar matched = responseText.search('successmsg_');\n\t\t\t\t\t\t\tif(matched != -1) {\n\t\n\t\t\t\t\t\t\t\tvar formId = \"1\";\n\t\t\t\t\t\t\t\t\n\t\n\t\t\t\t\t\t\t\tsetTimeout(function(){\n\t\t\t\t\t\t\t\t\t\t jQuery('#wpdevart-forms-1')[0].reset(); \n\t\t\t\t\t\t\t\t\t\t jQuery(\"#wpdevart-forms-\"+formId).each(function() {\n\t\t\t\t\t\t\t\t\t\t\t\n\t\t\t\t\t\t\t\t\t\t\t\n\t\t\t\t\t\t\t\t\t\t});\n\t\t\t\t\t\t\t\t },100);\n\t\t\t\t\t\t\t }\n\t\n\t\t\t\t\t\treturn false;\n\t\n\t\t\t\t\t\t}\n\t\t\t\t\t\tfunction showRequest() {\n\t\t\t\t\t\t\treturn false;\n\t\t\t\t\t\t}\n\t\n\t\t\t\t\t\tjQuery(document).on(\"click\",\"[type=reset].ws-reset-form\",function(e){\n\t\t\t\t\t\t\tformId= jQuery(this).attr('data-attr');\n\t\t\t\t\t\t\t\/\/reset\n\t\t\t\t\t\t\tjQuery(\"#wpdevart-forms-\"+formId).each(function(){\n\t\t\t\t\t\t\t\t\n\t\t\t\t\t\t\t\t\t\n\t\t\t\t\t\t\t\t\tjQuery(\"#wpdevart-forms-\"+formId)[0].reset();\n\t\t\t\t\t\t\t\t});\n\t\n\t\t\t\t\t\t\treturn false;\n\t\n\t\t\t\t\t\t});\n\t\t\t\t\t});\n\t\n\t\t\t\t\t<\/script>\n\t\t\t\t\n","protected":false},"excerpt":{"rendered":"<p>Por favor Ingrese los datos de registraci\u00f3n para la pre-aprobaci\u00f3n de la especialidad (no comunicaremos a la brevedad, muchas gracias!)<\/p>\n","protected":false},"author":1,"featured_media":0,"parent":80,"menu_order":0,"comment_status":"closed","ping_status":"closed","template":"","meta":{"footnotes":""},"class_list":["post-78","page","type-page","status-publish","hentry"],"_links":{"self":[{"href":"https:\/\/institutoprueger.net.ar\/e-learning\/wp-json\/wp\/v2\/pages\/78","targetHints":{"allow":["GET"]}}],"collection":[{"href":"https:\/\/institutoprueger.net.ar\/e-learning\/wp-json\/wp\/v2\/pages"}],"about":[{"href":"https:\/\/institutoprueger.net.ar\/e-learning\/wp-json\/wp\/v2\/types\/page"}],"author":[{"embeddable":true,"href":"https:\/\/institutoprueger.net.ar\/e-learning\/wp-json\/wp\/v2\/users\/1"}],"replies":[{"embeddable":true,"href":"https:\/\/institutoprueger.net.ar\/e-learning\/wp-json\/wp\/v2\/comments?post=78"}],"version-history":[{"count":0,"href":"https:\/\/institutoprueger.net.ar\/e-learning\/wp-json\/wp\/v2\/pages\/78\/revisions"}],"up":[{"embeddable":true,"href":"https:\/\/institutoprueger.net.ar\/e-learning\/wp-json\/wp\/v2\/pages\/80"}],"wp:attachment":[{"href":"https:\/\/institutoprueger.net.ar\/e-learning\/wp-json\/wp\/v2\/media?parent=78"}],"curies":[{"name":"wp","href":"https:\/\/api.w.org\/{rel}","templated":true}]}}