{"id":8,"date":"2017-10-02T12:37:05","date_gmt":"2017-10-02T15:37:05","guid":{"rendered":"http:\/\/www.institutoprueger.com.ar\/e-learning\/?page_id=8"},"modified":"2017-10-02T12:37:05","modified_gmt":"2017-10-02T15:37:05","slug":"acerca-de","status":"publish","type":"page","link":"https:\/\/institutoprueger.net.ar\/e-learning\/acerca-de\/","title":{"rendered":"Acerca de"},"content":{"rendered":"<p>Somos una instituci\u00f3n privada dedicada a la ense\u00f1anza de una tarea apasionante que es la CRIMINAL\u00cdSTICA.<\/p>\n<h2>Premios<\/h2>\n<p>Menci\u00f3n de Honor SENADOR DOMINGO FAUSTINO SARMIENTO -Diploma de Honor- Buenos Aires &#8211; 28 de marzo de 2014.<\/p>\n<h2>HISTORIA<\/h2>\n<p>Contamos en el INSTITUTO PRUEGER con la direcci\u00f3n de uno de los m\u00e1s destacados Peritos Criminal\u00edsticos de Argentina y el \u00fanico con <strong>30 a\u00f1os de experiencia<\/strong> en la INVESTIGACI\u00d3N DE HOMICIDIOS Y ACCIDENTOLOG\u00cdA VIAL.<\/p>\n<p>Algunos de sus casos m\u00e1s renombrados:<\/p>\n<ul>\n<li>Caso &#8220;OMAR CARRASCO&#8221;, (<a href=\"https:\/\/institutoprueger.com.ar\/casos-resueltos\/omar-carrasco\/\">ver m\u00e1s<\/a>).<\/li>\n<li>Caso &#8220;MATANZA DE RINC\u00d3N BOMBA&#8221;, (<a href=\"https:\/\/institutoprueger.com.ar\/casos-resueltos\/rincon-bomba\/\">ver m\u00e1s<\/a>).<\/li>\n<li>Caso &#8220;DOBLE CRIMEN DE LA D\u00c1RSENA&#8221;, (<a href=\"https:\/\/institutoprueger.com.ar\/casos-resueltos\/doble-crimen-de-la-darsena\/\">ver m\u00e1s<\/a>).<\/li>\n<\/ul>\n<div id='gallery-1' class='gallery galleryid-8 gallery-columns-3 gallery-size-medium'><figure class='gallery-item'>\n\t\t\t<div class='gallery-icon landscape'>\n\t\t\t\t<a href='https:\/\/institutoprueger.net.ar\/e-learning\/wp-content\/uploads\/2018\/04\/e-p-1-1.jpg'><img loading=\"lazy\" decoding=\"async\" width=\"300\" height=\"200\" src=\"https:\/\/institutoprueger.net.ar\/e-learning\/wp-content\/uploads\/2018\/04\/e-p-1-1-300x200.jpg\" class=\"attachment-medium size-medium\" alt=\"\" srcset=\"https:\/\/institutoprueger.net.ar\/e-learning\/wp-content\/uploads\/2018\/04\/e-p-1-1-300x200.jpg 300w, https:\/\/institutoprueger.net.ar\/e-learning\/wp-content\/uploads\/2018\/04\/e-p-1-1.jpg 768w\" sizes=\"auto, (max-width: 300px) 100vw, 300px\" \/><\/a>\n\t\t\t<\/div><\/figure><figure class='gallery-item'>\n\t\t\t<div class='gallery-icon landscape'>\n\t\t\t\t<a href='https:\/\/institutoprueger.net.ar\/e-learning\/wp-content\/uploads\/2018\/02\/17759974_734711166709729_3379238938539368149_n-1-1.jpg'><img loading=\"lazy\" decoding=\"async\" width=\"300\" height=\"300\" src=\"https:\/\/institutoprueger.net.ar\/e-learning\/wp-content\/uploads\/2018\/02\/17759974_734711166709729_3379238938539368149_n-1-1-300x300.jpg\" class=\"attachment-medium size-medium\" alt=\"\" srcset=\"https:\/\/institutoprueger.net.ar\/e-learning\/wp-content\/uploads\/2018\/02\/17759974_734711166709729_3379238938539368149_n-1-1-300x300.jpg 300w, https:\/\/institutoprueger.net.ar\/e-learning\/wp-content\/uploads\/2018\/02\/17759974_734711166709729_3379238938539368149_n-1-1-150x150.jpg 150w, https:\/\/institutoprueger.net.ar\/e-learning\/wp-content\/uploads\/2018\/02\/17759974_734711166709729_3379238938539368149_n-1-1-768x768.jpg 768w, https:\/\/institutoprueger.net.ar\/e-learning\/wp-content\/uploads\/2018\/02\/17759974_734711166709729_3379238938539368149_n-1-1-270x270.jpg 270w, https:\/\/institutoprueger.net.ar\/e-learning\/wp-content\/uploads\/2018\/02\/17759974_734711166709729_3379238938539368149_n-1-1-230x230.jpg 230w, https:\/\/institutoprueger.net.ar\/e-learning\/wp-content\/uploads\/2018\/02\/17759974_734711166709729_3379238938539368149_n-1-1.jpg 960w\" sizes=\"auto, (max-width: 300px) 100vw, 300px\" \/><\/a>\n\t\t\t<\/div><\/figure><figure class='gallery-item'>\n\t\t\t<div class='gallery-icon landscape'>\n\t\t\t\t<a href='https:\/\/institutoprueger.net.ar\/e-learning\/wp-content\/uploads\/2018\/02\/portada_EAV-1-1.jpg'><img loading=\"lazy\" decoding=\"async\" width=\"300\" height=\"117\" src=\"https:\/\/institutoprueger.net.ar\/e-learning\/wp-content\/uploads\/2018\/02\/portada_EAV-1-1-300x117.jpg\" class=\"attachment-medium size-medium\" alt=\"\" srcset=\"https:\/\/institutoprueger.net.ar\/e-learning\/wp-content\/uploads\/2018\/02\/portada_EAV-1-1-300x117.jpg 300w, https:\/\/institutoprueger.net.ar\/e-learning\/wp-content\/uploads\/2018\/02\/portada_EAV-1-1-768x300.jpg 768w, https:\/\/institutoprueger.net.ar\/e-learning\/wp-content\/uploads\/2018\/02\/portada_EAV-1-1.jpg 1024w\" sizes=\"auto, (max-width: 300px) 100vw, 300px\" \/><\/a>\n\t\t\t<\/div><\/figure><figure class='gallery-item'>\n\t\t\t<div class='gallery-icon landscape'>\n\t\t\t\t<a href='https:\/\/institutoprueger.net.ar\/e-learning\/wp-content\/uploads\/2018\/02\/portada_AIH-1-1.jpg'><img loading=\"lazy\" decoding=\"async\" width=\"300\" height=\"117\" src=\"https:\/\/institutoprueger.net.ar\/e-learning\/wp-content\/uploads\/2018\/02\/portada_AIH-1-1-300x117.jpg\" class=\"attachment-medium size-medium\" alt=\"\" srcset=\"https:\/\/institutoprueger.net.ar\/e-learning\/wp-content\/uploads\/2018\/02\/portada_AIH-1-1-300x117.jpg 300w, https:\/\/institutoprueger.net.ar\/e-learning\/wp-content\/uploads\/2018\/02\/portada_AIH-1-1-768x300.jpg 768w, https:\/\/institutoprueger.net.ar\/e-learning\/wp-content\/uploads\/2018\/02\/portada_AIH-1-1.jpg 1024w\" sizes=\"auto, (max-width: 300px) 100vw, 300px\" \/><\/a>\n\t\t\t<\/div><\/figure><figure class='gallery-item'>\n\t\t\t<div class='gallery-icon landscape'>\n\t\t\t\t<a href='https:\/\/institutoprueger.net.ar\/e-learning\/wp-content\/uploads\/2018\/04\/421191_2507565148142_1823482175_1618051_1376195602_n-1-1.jpg'><img loading=\"lazy\" decoding=\"async\" width=\"300\" height=\"225\" src=\"https:\/\/institutoprueger.net.ar\/e-learning\/wp-content\/uploads\/2018\/04\/421191_2507565148142_1823482175_1618051_1376195602_n-1-1-300x225.jpg\" class=\"attachment-medium size-medium\" alt=\"\" srcset=\"https:\/\/institutoprueger.net.ar\/e-learning\/wp-content\/uploads\/2018\/04\/421191_2507565148142_1823482175_1618051_1376195602_n-1-1-300x225.jpg 300w, https:\/\/institutoprueger.net.ar\/e-learning\/wp-content\/uploads\/2018\/04\/421191_2507565148142_1823482175_1618051_1376195602_n-1-1.jpg 570w\" sizes=\"auto, (max-width: 300px) 100vw, 300px\" \/><\/a>\n\t\t\t<\/div><\/figure><figure class='gallery-item'>\n\t\t\t<div class='gallery-icon landscape'>\n\t\t\t\t<a href='https:\/\/institutoprueger.net.ar\/e-learning\/wp-content\/uploads\/2018\/02\/22279728_827548057426039_8183958128127469385_n-1-1.jpg'><img loading=\"lazy\" decoding=\"async\" width=\"300\" height=\"225\" src=\"https:\/\/institutoprueger.net.ar\/e-learning\/wp-content\/uploads\/2018\/02\/22279728_827548057426039_8183958128127469385_n-1-1-300x225.jpg\" class=\"attachment-medium size-medium\" alt=\"\" srcset=\"https:\/\/institutoprueger.net.ar\/e-learning\/wp-content\/uploads\/2018\/02\/22279728_827548057426039_8183958128127469385_n-1-1-300x225.jpg 300w, https:\/\/institutoprueger.net.ar\/e-learning\/wp-content\/uploads\/2018\/02\/22279728_827548057426039_8183958128127469385_n-1-1-768x576.jpg 768w, https:\/\/institutoprueger.net.ar\/e-learning\/wp-content\/uploads\/2018\/02\/22279728_827548057426039_8183958128127469385_n-1-1.jpg 960w\" sizes=\"auto, (max-width: 300px) 100vw, 300px\" \/><\/a>\n\t\t\t<\/div><\/figure><figure class='gallery-item'>\n\t\t\t<div class='gallery-icon landscape'>\n\t\t\t\t<a href='https:\/\/institutoprueger.net.ar\/e-learning\/wp-content\/uploads\/2018\/04\/Imagen-041-1-1.jpg'><img loading=\"lazy\" decoding=\"async\" width=\"300\" height=\"225\" src=\"https:\/\/institutoprueger.net.ar\/e-learning\/wp-content\/uploads\/2018\/04\/Imagen-041-1-1-300x225.jpg\" class=\"attachment-medium size-medium\" alt=\"\" srcset=\"https:\/\/institutoprueger.net.ar\/e-learning\/wp-content\/uploads\/2018\/04\/Imagen-041-1-1-300x225.jpg 300w, https:\/\/institutoprueger.net.ar\/e-learning\/wp-content\/uploads\/2018\/04\/Imagen-041-1-1-1024x768.jpg 1024w, https:\/\/institutoprueger.net.ar\/e-learning\/wp-content\/uploads\/2018\/04\/Imagen-041-1-1-768x576.jpg 768w, https:\/\/institutoprueger.net.ar\/e-learning\/wp-content\/uploads\/2018\/04\/Imagen-041-1-1.jpg 1200w\" sizes=\"auto, (max-width: 300px) 100vw, 300px\" \/><\/a>\n\t\t\t<\/div><\/figure><figure class='gallery-item'>\n\t\t\t<div class='gallery-icon landscape'>\n\t\t\t\t<a href='https:\/\/institutoprueger.net.ar\/e-learning\/wp-content\/uploads\/2017\/10\/analisis-1-1.jpg'><img loading=\"lazy\" decoding=\"async\" width=\"300\" height=\"150\" src=\"https:\/\/institutoprueger.net.ar\/e-learning\/wp-content\/uploads\/2017\/10\/analisis-1-1-300x150.jpg\" class=\"attachment-medium size-medium\" alt=\"\" srcset=\"https:\/\/institutoprueger.net.ar\/e-learning\/wp-content\/uploads\/2017\/10\/analisis-1-1-300x150.jpg 300w, https:\/\/institutoprueger.net.ar\/e-learning\/wp-content\/uploads\/2017\/10\/analisis-1-1-768x384.jpg 768w, https:\/\/institutoprueger.net.ar\/e-learning\/wp-content\/uploads\/2017\/10\/analisis-1-1.jpg 800w\" sizes=\"auto, (max-width: 300px) 100vw, 300px\" \/><\/a>\n\t\t\t<\/div><\/figure><figure class='gallery-item'>\n\t\t\t<div class='gallery-icon landscape'>\n\t\t\t\t<a href='https:\/\/institutoprueger.net.ar\/e-learning\/wp-content\/uploads\/2018\/04\/Curso-081-1-scaled-1.jpg'><img loading=\"lazy\" decoding=\"async\" width=\"300\" height=\"169\" src=\"https:\/\/institutoprueger.net.ar\/e-learning\/wp-content\/uploads\/2018\/04\/Curso-081-1-scaled-1-300x169.jpg\" class=\"attachment-medium size-medium\" alt=\"\" srcset=\"https:\/\/institutoprueger.net.ar\/e-learning\/wp-content\/uploads\/2018\/04\/Curso-081-1-scaled-1-300x169.jpg 300w, https:\/\/institutoprueger.net.ar\/e-learning\/wp-content\/uploads\/2018\/04\/Curso-081-1-scaled-1-1024x576.jpg 1024w, https:\/\/institutoprueger.net.ar\/e-learning\/wp-content\/uploads\/2018\/04\/Curso-081-1-scaled-1-768x432.jpg 768w, https:\/\/institutoprueger.net.ar\/e-learning\/wp-content\/uploads\/2018\/04\/Curso-081-1-scaled-1-1536x864.jpg 1536w, https:\/\/institutoprueger.net.ar\/e-learning\/wp-content\/uploads\/2018\/04\/Curso-081-1-scaled-1-2048x1152.jpg 2048w\" sizes=\"auto, (max-width: 300px) 100vw, 300px\" \/><\/a>\n\t\t\t<\/div><\/figure>\n\t\t<\/div>\n\n<p>&nbsp;<\/p>\n<section id=\"text-7\" class=\"widget widget_text clearfix\">\n<h3 class=\"widget-title\">Nuestros Servicios en Criminal\u00edstica<\/h3>\n<div class=\"textwidget\">\n<p>Tambi\u00e9n tenemos laboratorios de vanguardia en el que podemos ayudarlo en<\/p>\n<ul>\n<li><strong>INVESTIGACI\u00d3N DE AVANZADA EN HOMICIDIOS:<\/strong> Contamos con equipos de \u00faltima generaci\u00f3n para el An\u00e1lisis e Investigaci\u00f3n de Homicidios y la experiencia de m\u00e1s de 30 a\u00f1os dedicados al desarrollo de esta tarea.<\/li>\n<li><strong>ESCLARECIMIENTO DE CASOS DE MEDIANA Y ALTA COMPLEJIDAD:<\/strong> Tenemos numerosos antecedentes de resoluci\u00f3n de casos de alta complejidad donde la justicia no ha dado respuestas ciertas. Muchos de ellos de alcance nacional y que pueden ser referenciados por los distintos medios de comunicaci\u00f3n.<\/li>\n<li><strong>PERICIAS EN ACCIDENTOLOGIA VIAL:<\/strong> Tenemos a disposici\u00f3n herramientas de alta tecnologia para el desarrollo de pericias accidentologicas de todo tipo de accidente.<\/li>\n<li><strong>AN\u00c1LISIS DE AREAS DE CONFLICTOS:<\/strong> Desarrollamos amplios y exhaustivos estudios para analizar y encontrar soluciones a aquellas \u00e1reas de conflicto que provocan graves accidentes siempre en los mismos lugares.<\/li>\n<li><strong>LABORATORIO DOCUMENTOLOGICO:<\/strong> Realizamos pericias documentologicas de todo tipo de complejidad a traves del estudio de historias graficas para determinar falsificaciones.<\/li>\n<li><strong>DIGITALIZACION DE IM\u00c1GENES:<\/strong> En este tiempo en el que un alto n\u00famero de delitos son captados por c\u00e1maras, contamos con equipos de alt\u00edsima tecnolog\u00eda para individualizar a los perpetradores y esclarecer distintos hechos.<\/li>\n<li><strong>ESTUDIO DE SONIDOS:<\/strong> En la misma condici\u00f3n que las im\u00e1genes, el estudio de sonidos es un herramienta fundamental para la individualizacion o identificaci\u00f3n concreta en diferentes circunstancias.<\/li>\n<\/ul>\n<\/div>\n<\/section>\n","protected":false},"excerpt":{"rendered":"<p>Somos una instituci\u00f3n privada dedicada a la ense\u00f1anza de una tarea apasionante que es la CRIMINAL\u00cdSTICA. Premios Menci\u00f3n de Honor SENADOR DOMINGO FAUSTINO SARMIENTO -Diploma de Honor- Buenos Aires &#8211; 28 de marzo de 2014. HISTORIA Contamos en el INSTITUTO<\/p>\n","protected":false},"author":1,"featured_media":0,"parent":0,"menu_order":0,"comment_status":"closed","ping_status":"closed","template":"","meta":{"footnotes":""},"class_list":["post-8","page","type-page","status-publish","hentry"],"_links":{"self":[{"href":"https:\/\/institutoprueger.net.ar\/e-learning\/wp-json\/wp\/v2\/pages\/8","targetHints":{"allow":["GET"]}}],"collection":[{"href":"https:\/\/institutoprueger.net.ar\/e-learning\/wp-json\/wp\/v2\/pages"}],"about":[{"href":"https:\/\/institutoprueger.net.ar\/e-learning\/wp-json\/wp\/v2\/types\/page"}],"author":[{"embeddable":true,"href":"https:\/\/institutoprueger.net.ar\/e-learning\/wp-json\/wp\/v2\/users\/1"}],"replies":[{"embeddable":true,"href":"https:\/\/institutoprueger.net.ar\/e-learning\/wp-json\/wp\/v2\/comments?post=8"}],"version-history":[{"count":0,"href":"https:\/\/institutoprueger.net.ar\/e-learning\/wp-json\/wp\/v2\/pages\/8\/revisions"}],"wp:attachment":[{"href":"https:\/\/institutoprueger.net.ar\/e-learning\/wp-json\/wp\/v2\/media?parent=8"}],"curies":[{"name":"wp","href":"https:\/\/api.w.org\/{rel}","templated":true}]}}